{"id":9,"date":"2024-10-17T11:11:42","date_gmt":"2024-10-17T11:11:42","guid":{"rendered":"https:\/\/oft-tchad.com\/?page_id=9"},"modified":"2025-04-22T16:58:34","modified_gmt":"2025-04-22T15:58:34","slug":"presentation","status":"publish","type":"page","link":"https:\/\/oft-tchad.com\/index.php\/presentation\/","title":{"rendered":"Pr\u00e9sentation"},"content":{"rendered":"\n<h2 class=\"wp-block-heading\">Note de pr\u00e9sentation de la revue<\/h2>\n\n\n\n<p>Les Cahiers du Foncier du Tchad sont une revue \u00e0 comit\u00e9 de lecture de l\u2019observatoire du foncier au Tchad. Il est une revue th\u00e9matique dont les contributions rel\u00e8vent des \u00e9tudes fonci\u00e8res \u00e0 parution semestrielle. Les textes doivent tenir compte de l\u2019\u00e9volution des disciplines couvertes et respecter la ligne<br>\u00e9ditoriale de la revue. Ils doivent en outre \u00eatre originaux et n\u2019avoir pas fait l\u2019objet d\u2019une acceptation pour publication dans une autre revue \u00e0 comit\u00e9 de lecture.<\/p>\n\n\n\n<div class=\"wp-block-columns is-layout-flex wp-container-core-columns-is-layout-1 wp-block-columns-is-layout-flex\">\n<div class=\"wp-block-column is-layout-flow wp-block-column-is-layout-flow\">\n<figure class=\"wp-block-image size-full\"><img fetchpriority=\"high\" decoding=\"async\" width=\"362\" height=\"434\" src=\"https:\/\/oft-tchad.com\/wp-content\/uploads\/2025\/04\/4x4_amane-1.jpg\" alt=\"\" class=\"wp-image-246\" srcset=\"https:\/\/oft-tchad.com\/wp-content\/uploads\/2025\/04\/4x4_amane-1.jpg 362w, https:\/\/oft-tchad.com\/wp-content\/uploads\/2025\/04\/4x4_amane-1-250x300.jpg 250w\" sizes=\"(max-width: 362px) 100vw, 362px\" \/><\/figure>\n<\/div>\n\n\n\n<div class=\"wp-block-column is-layout-flow wp-block-column-is-layout-flow\">\n<p style=\"font-size:14px\"><strong>Comit\u00e9 de r\u00e9daction<\/strong><br>TATOLOUM Amane (MC), VAIDJIKE Dieudonn\u00e9 (MC), MADJIGOTO Robert (MC), NDOUTORLENGAR M\u00e9dard (PT).<\/p>\n<\/div>\n\n\n\n<div class=\"wp-block-column is-layout-flow wp-block-column-is-layout-flow\"><\/div>\n\n\n\n<div class=\"wp-block-column is-layout-flow wp-block-column-is-layout-flow\"><\/div>\n<\/div>\n\n\n\n<p><\/p>\n","protected":false},"excerpt":{"rendered":"<p>Note de pr\u00e9sentation de la revue Les Cahiers du Foncier du Tchad sont une revue \u00e0 comit\u00e9 de lecture de l\u2019observatoire du foncier au Tchad. Il est une revue th\u00e9matique dont les contributions rel\u00e8vent des \u00e9tudes fonci\u00e8res \u00e0 parution semestrielle. Les textes doivent tenir compte de l\u2019\u00e9volution des disciplines couvertes et respecter la ligne\u00e9ditoriale de &#8230; <a title=\"Pr\u00e9sentation\" class=\"read-more\" href=\"https:\/\/oft-tchad.com\/index.php\/presentation\/\" aria-label=\"En savoir plus sur Pr\u00e9sentation\">Lire la suite<\/a><\/p>\n","protected":false},"author":1,"featured_media":0,"parent":0,"menu_order":0,"comment_status":"closed","ping_status":"closed","template":"","meta":{"footnotes":""},"class_list":["post-9","page","type-page","status-publish"],"_links":{"self":[{"href":"https:\/\/oft-tchad.com\/index.php\/wp-json\/wp\/v2\/pages\/9"}],"collection":[{"href":"https:\/\/oft-tchad.com\/index.php\/wp-json\/wp\/v2\/pages"}],"about":[{"href":"https:\/\/oft-tchad.com\/index.php\/wp-json\/wp\/v2\/types\/page"}],"author":[{"embeddable":true,"href":"https:\/\/oft-tchad.com\/index.php\/wp-json\/wp\/v2\/users\/1"}],"replies":[{"embeddable":true,"href":"https:\/\/oft-tchad.com\/index.php\/wp-json\/wp\/v2\/comments?post=9"}],"version-history":[{"count":2,"href":"https:\/\/oft-tchad.com\/index.php\/wp-json\/wp\/v2\/pages\/9\/revisions"}],"predecessor-version":[{"id":247,"href":"https:\/\/oft-tchad.com\/index.php\/wp-json\/wp\/v2\/pages\/9\/revisions\/247"}],"wp:attachment":[{"href":"https:\/\/oft-tchad.com\/index.php\/wp-json\/wp\/v2\/media?parent=9"}],"curies":[{"name":"wp","href":"https:\/\/api.w.org\/{rel}","templated":true}]}}