{"id":82,"date":"2024-11-21T15:02:06","date_gmt":"2024-11-21T14:02:06","guid":{"rendered":"https:\/\/oft-tchad.com\/?page_id=82"},"modified":"2026-05-06T11:05:48","modified_gmt":"2026-05-06T10:05:48","slug":"comite-de-lectures","status":"publish","type":"page","link":"https:\/\/oft-tchad.com\/index.php\/comite-de-lectures\/","title":{"rendered":"COMIT\u00c9 EDITORIALE"},"content":{"rendered":"\n<h2 class=\"wp-block-heading\"><\/h2>\n\n\n\n<h2 class=\"wp-block-heading\"><strong>Directeurs de publication<\/strong><\/h2>\n\n\n\n<p><strong>DP titulaire <\/strong>: TCHAWA Paul, Professeur, Universit\u00e9 de Yaound\u00e9 1 (Cameroun) ;<br>Assistant du DP : Paboumg DAGOU (MA) Universit\u00e9 de N\u2019Djamena<\/p>\n\n\n\n<p><strong>R\u00e9dacteurs en chef<\/strong><\/p>\n\n\n\n<p>TATOLOUM Amane(MC)<\/p>\n\n\n\n<p><strong>Comit\u00e9 Scientifique<\/strong><\/p>\n\n\n\n<p style=\"font-size:13px\"> TCHAWA PAUL, PROFESSEUR, UNIVERSIT\u00c9 DE YAOUND\u00c9 1 (CAMEROUN) ; KENGNE FOUODOP, PROFESSEUR, UNIVERSIT\u00c9 DE YAOUND\u00c9 1 (CAMEROUN) ; KHALIL ALIO, PROFESSEUR, UNIVERSIT\u00c9 DE N\u2019DJAMENA (TCHAD) ; SAIBOU ISSA, PROFESSEUR, UNIVERSIT\u00c9 DE MAROUA (CAMEROUN) SOME P. HONORE, PROFESSEUR, UNIVERSIT\u00c9 DE OUAGADOUGOU (BURKINA FASO) ; TCHOTSOUA MICHEL, PROFESSEUR, UNIVERSIT\u00c9 DE NGAOUND\u00c9R\u00c9 (CAMEROUN) ; YAMBA BOUBACAR, PROFESSEUR, UNIVERSIT\u00c9 ABDOU MOUMOUNI DE NIAMEY (NIGER), GONNE BERNARD, PROFESSEUR, UNIVERSIT\u00c9 DE MAROUA (CAMEROUN) LIEUGOMG M\u00c9DARD, PROFESSEUR, UNIVERSIT\u00c9 DE NGAOUND\u00c9R\u00c9 (CAMEROUN)<br>MME BERTON YOLANDE, PROFESSEUR, UNIVERSIT\u00c9 MARIAN NGOUABI, BRAZZAVILLE (CONGO) NDOUTORLENGAR M\u00c9DARD (PT), UNIVERSIT\u00c9 DE SARH(TCHAD) DJANGRANG MAN-NA (MC), UNIVERSIT\u00c9 DE MOUNDOU(TCHAD) UNIVERSIT\u00c9 DE N\u2019DJAMENA.<\/p>\n\n\n\n<h2 class=\"wp-block-heading\">Comit\u00e9 de lecture<\/h2>\n\n\n\n<p style=\"font-size:13px\">DJIKOLOUM BENAN Benjamin (MC), MADJIGOTO Robert (MC), DJANGRANG MAN-NA (MC), TOB-RO NDILB\u00c9(MC), NGANA Felix (MC) TATOLOUM Amane(MC), BETOLNA MBAINDOH (MC) , KOUSSOUMNA LIBA NATHALI(PT), No\u00ebl OVONO EDZANG (MC), HOLLY Joseph (MC), Paul TCHAWA(PT), Baba COULIBALY (MR), MOUTODEMADJI Vincent(MC), Felix WATTANG ZIEBA(PT), REOUNODJI Fr\u00e9d\u00e9ric (MC). NANGKARA Clison(MC), FOUDDA Djourab(MC). BUYO KWEN JIMNAREM(MC).<\/p>\n\n\n\n<h2 class=\"wp-block-heading\">Comit\u00e9 de r\u00e9daction et Infographie<\/h2>\n\n\n\n<p>TATOLOUM Amane (MC), VAIDJIKE Dieudonn\u00e9 (MC), MADJIGOTO Robert (MC), NDOUTORLENGAR M\u00e9dard (PT). M. DANKABE OUASSOU<\/p>\n\n\n\n<p><\/p>\n","protected":false},"excerpt":{"rendered":"<p>Directeurs de publication DP titulaire : TCHAWA Paul, Professeur, Universit\u00e9 de Yaound\u00e9 1 (Cameroun) ;Assistant du DP : Paboumg DAGOU (MA) Universit\u00e9 de N\u2019Djamena R\u00e9dacteurs en chef TATOLOUM Amane(MC) Comit\u00e9 Scientifique TCHAWA PAUL, PROFESSEUR, UNIVERSIT\u00c9 DE YAOUND\u00c9 1 (CAMEROUN) ; KENGNE FOUODOP, PROFESSEUR, UNIVERSIT\u00c9 DE YAOUND\u00c9 1 (CAMEROUN) ; KHALIL ALIO, PROFESSEUR, UNIVERSIT\u00c9 DE N\u2019DJAMENA &#8230; <a title=\"COMIT\u00c9 EDITORIALE\" class=\"read-more\" href=\"https:\/\/oft-tchad.com\/index.php\/comite-de-lectures\/\" aria-label=\"En savoir plus sur COMIT\u00c9 EDITORIALE\">Lire la suite<\/a><\/p>\n","protected":false},"author":1,"featured_media":0,"parent":0,"menu_order":0,"comment_status":"closed","ping_status":"closed","template":"","meta":{"footnotes":""},"class_list":["post-82","page","type-page","status-publish"],"_links":{"self":[{"href":"https:\/\/oft-tchad.com\/index.php\/wp-json\/wp\/v2\/pages\/82"}],"collection":[{"href":"https:\/\/oft-tchad.com\/index.php\/wp-json\/wp\/v2\/pages"}],"about":[{"href":"https:\/\/oft-tchad.com\/index.php\/wp-json\/wp\/v2\/types\/page"}],"author":[{"embeddable":true,"href":"https:\/\/oft-tchad.com\/index.php\/wp-json\/wp\/v2\/users\/1"}],"replies":[{"embeddable":true,"href":"https:\/\/oft-tchad.com\/index.php\/wp-json\/wp\/v2\/comments?post=82"}],"version-history":[{"count":3,"href":"https:\/\/oft-tchad.com\/index.php\/wp-json\/wp\/v2\/pages\/82\/revisions"}],"predecessor-version":[{"id":568,"href":"https:\/\/oft-tchad.com\/index.php\/wp-json\/wp\/v2\/pages\/82\/revisions\/568"}],"wp:attachment":[{"href":"https:\/\/oft-tchad.com\/index.php\/wp-json\/wp\/v2\/media?parent=82"}],"curies":[{"name":"wp","href":"https:\/\/api.w.org\/{rel}","templated":true}]}}