{"id":2,"date":"2024-10-16T11:12:58","date_gmt":"2024-10-16T11:12:58","guid":{"rendered":"https:\/\/oft-tchad.com\/?page_id=2"},"modified":"2026-04-18T15:26:09","modified_gmt":"2026-04-18T14:26:09","slug":"sample-page","status":"publish","type":"page","link":"https:\/\/oft-tchad.com\/index.php\/sample-page\/","title":{"rendered":"Actualit\u00e9s"},"content":{"rendered":"\n<p>______________________________________________________________________<\/p>\n\n\n\n<h1 class=\"wp-block-heading has-text-align-left\"><strong>ATELIER <\/strong><\/h1>\n\n\n\n<h2 class=\"wp-block-heading\"><\/h2>\n\n\n\n<article class=\"actualite-oft\">\n  <header>\n    <h1>Atelier national de revision et finalisation du budget du Plan d\u2019Action de la PFNT<\/h1>\n    <p><strong> N\u2019Djamena \u2022 14\u201318 avril 2026<\/strong><br>\n       <strong> Organisateur :<\/strong> FAO <br>\n<strong> Lieu: <\/strong> MATUH <br>\n<strong> Participants: <\/strong> Comit\u00e9 multi-acteurs\n    <\/p>\n  <\/header>\n\n  <section>\n    <h2>Objectif de l\u2019atelier<\/h2>\n    <p>\n      Harmoniser et finaliser le budget du <strong>Plan d\u2019Action Prioritaire de la Politique Fonci\u00e8re Nationale (PFNT)<\/strong>\n      afin d\u2019assurer une mise en \u0153uvre coh\u00e9rente, r\u00e9aliste et align\u00e9e sur les priorit\u00e9s nationales.\n    <\/p>\n  <\/section>\n<div class=\"image-slot\">\n  <img decoding=\"async\" src=\"https:\/\/oft-tchad.com\/wp-content\/uploads\/2026\/04\/image-18.jpg\" alt=\"Pr\u00e9sentation des r\u00e9sultats en pl\u00e9ni\u00e8re\" style=\"width:100%; height:auto;\">\n<\/div>\n  <section>\n    <h2>Travaux r\u00e9alis\u00e9s<\/h2>\n    <ul>\n      <li>Analyse d\u00e9taill\u00e9e des <strong>7 orientations<\/strong> du Plan d\u2019action.<\/li>\n      <li>Harmonisation des co\u00fbts (DSA, ateliers, missions, logistique).<\/li>\n      <li>Clarification des <strong>responsabilit\u00e9s institutionnelles<\/strong>.<\/li>\n      <li>Identification des <strong>gaps financiers<\/strong> et des besoins d\u2019ajustement.<\/li>\n      <li>Validation d\u2019un <strong>m\u00e9canisme national de suivi des commissions fonci\u00e8res cantonales<\/strong>.<\/li>\n    <\/ul>\n  <\/section>\n\n  <section>\n    <h2> R\u00e9sultats cl\u00e9s<\/h2>\n    <ul>\n      <li>Budget consolid\u00e9 et coh\u00e9rent.<\/li>\n      <li>Suppression des doublons et r\u00e9ajustement des montants.<\/li>\n      <li>Priorisation des actions \u00e0 fort impact.<\/li>\n      <li>Mise en place d\u2019un syst\u00e8me de reporting et de supervision des COFOC.<\/li>\n      <li>Engagement renforc\u00e9 des minist\u00e8res, collectivit\u00e9s et partenaires.<\/li>\n    <\/ul>\n  <\/section>\n\n  <section>\n    <h2> Un pas d\u00e9cisif pour la gouvernance fonci\u00e8re<\/h2>\n    <p>\n      Cet atelier marque une avanc\u00e9e majeure dans l\u2019op\u00e9rationnalisation de la PFNT.\n      L\u2019OFT poursuit son r\u00f4le de <strong>centre national d\u2019analyse, de suivi et de production de donn\u00e9es fonci\u00e8res<\/strong>,\n      au service d\u2019une gouvernance fonci\u00e8re transparente, inclusive et durable.\n    <\/p>\n  <\/section>\n\n  <section class=\"illustrations\">\n    <h2> Illustrations<\/h2>\n    <ul>\n     \n      <li>Pr\u00e9sentation des r\u00e9sultats en pl\u00e9ni\u00e8re.<\/li>\n    \n    <\/ul>\n    <!-- Zones d\u2019insertion d\u2019images OFT -->\n    <!-- <img decoding=\"async\" src=\"https:\/\/oft-tchad.com\/wp-content\/uploads\/2026\/04\/20260416_140206.jpgg\" alt=\"S\u00e9ance de travail des groupes th\u00e9matiques\"> -->\n<div class=\"image-slot\">\n  <img decoding=\"async\" src=\"https:\/\/oft-tchad.com\/wp-content\/uploads\/2026\/04\/20260416_140206.jpg\" alt=\"Pr\u00e9sentation des r\u00e9sultats en pl\u00e9ni\u00e8re\" style=\"width:100%; height:auto;\">\n<\/div>\n  <\/section>\n\n  <footer>\n    <h2> Contact FAO<\/h2>\n    <p>\n      <strong>FAO TCHAD<\/strong>\n<br>N\u2019Djamena<br>\n      Email : <a href=\"mailto:angele.mbeyhabgue@fao.org\">angele.mbeyhabgue@fao.org<\/a>\n    <\/p>\n  <\/footer>\n<\/article>\n\n\n\n<p>____________________________________________________________________________<\/p>\n\n\n\n<h2 class=\"wp-block-heading has-text-align-left\"><strong>MISSION<\/strong><\/h2>\n\n\n\n<h1 class=\"wp-block-heading\"><strong>Mission d\u2019enqu\u00eate terrain dans le cadre du suivi des indicateurs prioritaires du LOA<\/strong><\/h1>\n\n\n\n<article class=\"actualite-oft\">\n  <header>\n        <p class=\"meta\">Observatoire du Foncier au Tchad (OFT)<\/p>\n  <\/header>\n\n  <!-- Image principale -->\n  <div class=\"image-slot\">\n  <img decoding=\"async\" src=\"https:\/\/oft-tchad.com\/wp-content\/uploads\/2026\/04\/Mission1.jpg\" alt=\"Mission collecte donn\u00e9es indicateurs\" style=\"width:100%; height:auto;\">\n<\/div>\n    \n  <section>\n    <p>\n      La mission d\u2019enqu\u00eate terrain du projet LOA a permis de renseigner \n      l\u2019ensemble des <strong>8 indicateurs LOA<\/strong> dans \n      <strong>9 provinces<\/strong>, offrant une vision claire des dynamiques \n      fonci\u00e8res au Nord et au Sud du pays.\n    <\/p>\n\n    <p>\n      Les r\u00e9sultats montrent des avanc\u00e9es significatives, mais aussi des d\u00e9fis \n      persistants, notamment en mati\u00e8re de \n      <strong>s\u00e9curisation fonci\u00e8re des femmes<\/strong>, de \n      <strong>gestion des conflits agropastoraux<\/strong> et de \n      <strong>mise \u00e0 jour des outils d\u2019am\u00e9nagement<\/strong>.\n    <\/p>\n\n    <p>\n      Ces donn\u00e9es constituent une <strong>base solide<\/strong> pour orienter les \n      actions de la PNFT, renforcer les m\u00e9canismes locaux de gestion fonci\u00e8re. \n    <\/p>\n  <\/section>\n\n  <!-- Galerie d\u2019images terrain -->\n  <section class=\"galerie-terrain\">\n    \n<div class=\"image-slot\">\n  <img decoding=\"async\" src=\"https:\/\/oft-tchad.com\/wp-content\/uploads\/2026\/04\/Mission3.jpeg\" alt=\"Mission \u00e0 Moundou et \u00e0 Moussoro\" style=\"width:100%; height:auto;\">\n<\/div>\n    \n  <\/section>\n\n  <section>\n    \n  <\/section>\n\n<\/article>\n\n\n\n<p><\/p>\n\n\n\n<section>\n    \n  <\/section>\n\n\n\n<p>______________________________________________________________________________________________<\/p>\n\n\n\n<h2 class=\"wp-block-heading has-text-align-left\"><strong>MISSION<\/strong><\/h2>\n\n\n\n<h2 class=\"wp-block-heading\"><strong>MISSION DAKAR ET BAMAKO<\/strong><\/h2>\n\n\n\n<p>Une \u00e9quipe des Cahiers s\u2019est d\u00e9plac\u00e9e \u00e0 de Bamako puis Dakar et Saint-Louis (du 24 au 31 mars) pour prendre part \u00e0 des \u00e9v\u00e9nements scientifiques consacr\u00e9s \u00e0 la migration. Ce colloque prestigieux a r\u00e9uni chercheurs, praticiens et d\u00e9cideurs afin d\u2019examiner les enjeux cruciaux li\u00e9s aux interactions entre changements climatiques et dynamiques migratoires, ainsi que les probl\u00e9matiques fonci\u00e8res en Afrique. L\u2019objectif principal \u00e9tait de favoriser un dialogue interdisciplinaire et de formuler des recommandations concr\u00e8tes pour guider les politiques publiques.<\/p>\n\n\n\n<p>L\u2019int\u00e9r\u00eat pour l\u2019observatoire, plac\u00e9 sous l\u2019\u00e9gide de l\u2019Universit\u00e9 de N\u2019Djam\u00e9na, refl\u00e8te la volont\u00e9 de valoriser l\u2019expertise acad\u00e9mique tchadienne et de renforcer le rayonnement scientifique de notre institution. Il a \u00e9galement permis de consolider les partenariats avec des acteurs r\u00e9gionaux et internationaux, positionnant ainsi l&#8217;OFT\/l\u2019Universit\u00e9 de N\u2019Djam\u00e9na comme un acteur cl\u00e9 dans les d\u00e9bats sur la durabilit\u00e9 et la gouvernance en Afrique.<\/p>\n\n\n\n<figure class=\"wp-block-image size-large is-resized\"><img fetchpriority=\"high\" decoding=\"async\" width=\"1024\" height=\"768\" src=\"https:\/\/oft-tchad.com\/wp-content\/uploads\/2026\/03\/Image-Saint-Louis-1024x768.jpeg\" alt=\"\" class=\"wp-image-467\" style=\"width:315px;height:auto\" srcset=\"https:\/\/oft-tchad.com\/wp-content\/uploads\/2026\/03\/Image-Saint-Louis-1024x768.jpeg 1024w, https:\/\/oft-tchad.com\/wp-content\/uploads\/2026\/03\/Image-Saint-Louis-300x225.jpeg 300w, https:\/\/oft-tchad.com\/wp-content\/uploads\/2026\/03\/Image-Saint-Louis-768x576.jpeg 768w, https:\/\/oft-tchad.com\/wp-content\/uploads\/2026\/03\/Image-Saint-Louis.jpeg 1280w\" sizes=\"(max-width: 1024px) 100vw, 1024px\" \/><\/figure>\n\n\n\n<p>Une image des participants devant la salle des conf\u00e9rences du centre des math\u00e9matiques appliqu\u00e9es de l&#8217;Universit\u00e9 Gaston Berger de Saint-Louis.<\/p>\n\n\n\n<h2 class=\"wp-block-heading has-text-align-left\"><strong>MISSION<\/strong><\/h2>\n\n\n\n<h3 class=\"wp-block-heading has-text-align-center\"><strong>Session d\u2019information \u00e0 l\u2019attention des membres du r\u00e9seau des champions sur la r\u00e9forme fonci\u00e8re inclusive et sur le r\u00f4le attendu du groupe<\/strong><\/h3>\n\n\n\n<article>\n\n  <!-- Illustration principale -->\n  <div class=\"image-slot\">\n  <img decoding=\"async\" src=\"https:\/\/oft-tchad.com\/wp-content\/uploads\/2026\/03\/Sans-titre.png\" alt=\"Mission \u00e0 Moundou et \u00e0 Moussoro\" style=\"width:100%; height:auto;\">\n<\/div>\n\n  <h1>Mission d\u2019information \u00e0 Moundou et \u00e0 Massakory : Renforcement du R\u00e9seau des Champions du foncier<\/h1>\n\n  <p>\n    Une mission d\u2019information s\u2019est tenue du <strong>23 f\u00e9vrier au 02 mars 2026<\/strong> \u00e0 \n    <strong>Moundou<\/strong> (zone soudanienne) et <strong>Massakory<\/strong> (zone sah\u00e9lienne), \n    dans le cadre du projet <em>\u00ab Am\u00e9lioration de la gouvernance fonci\u00e8re locale du Tchad \u00bb<\/em>. \n    Cette initiative, port\u00e9e par <strong>Oxfam<\/strong>, <strong>Kadaster<\/strong> et la <strong>FAO<\/strong>, \n    avec l\u2019appui du <strong>MATUH<\/strong>, vise \u00e0 promouvoir une r\u00e9forme fonci\u00e8re inclusive et \n    \u00e0 renforcer les syst\u00e8mes locaux de s\u00e9curisation fonci\u00e8re.\n  <\/p>\n\n  <!-- Illustration secondaire -->\n  <div class=\"image-slot\">\n  <img decoding=\"async\" src=\"https:\/\/oft-tchad.com\/wp-content\/uploads\/2026\/03\/Ouverture.jpg\" alt=\"Mission \u00e0 Moundou et \u00e0 Moussoro\" style=\"width:100%; height:auto;\">\n<\/div>\n\n  <h2>Objectif de la mission<\/h2>\n  <p>\n    La mission visait \u00e0 <strong>renforcer les capacit\u00e9s du R\u00e9seau des Champions du foncier<\/strong>, \n    un groupe strat\u00e9gique charg\u00e9 d\u2019accompagner la mise en \u0153uvre de la r\u00e9forme fonci\u00e8re nationale. \n    Les objectifs principaux \u00e9taient :\n  <\/p>\n  <ul>\n    <li>pr\u00e9senter les approches et contributions du MATUH, d\u2019Oxfam et de la FAO ;<\/li>\n    <li>expliquer la <strong>Feuille de route de la r\u00e9forme fonci\u00e8re<\/strong> ;<\/li>\n    <li>clarifier le r\u00f4le et les responsabilit\u00e9s des Champions ;<\/li>\n    <li>favoriser un espace d\u2019\u00e9changes sur les d\u00e9fis et opportunit\u00e9s ;<\/li>\n    <li>formuler des recommandations et mini\u2011plans d\u2019action provinciaux.<\/li>\n  <\/ul>\n\n  <!-- Illustration th\u00e9matique -->\n  <div class=\"image-slot\">\n  <img decoding=\"async\" src=\"https:\/\/oft-tchad.com\/wp-content\/uploads\/2026\/03\/WhatsApp-Image-2026-02-25-at-13.42.13.jpeg\" alt=\"Mission \u00e0 Moundou\" style=\"width:100%; height:auto;\">\n<\/div>\n\n  <h2>Contenu des sessions<\/h2>\n  <p>Les travaux ont port\u00e9 sur :<\/p>\n  <ul>\n    <li>la pr\u00e9sentation de la r\u00e9forme fonci\u00e8re inclusive ;<\/li>\n    <li>le r\u00f4le de l\u2019OFT et des institutions partenaires ;<\/li>\n    <li>les responsabilit\u00e9s des autorit\u00e9s coutumi\u00e8res et de la soci\u00e9t\u00e9 civile ;<\/li>\n    <li>des partages d\u2019exp\u00e9riences locales ;<\/li>\n    <li>des travaux de groupes pour identifier d\u00e9fis et actions prioritaires.<\/li>\n  <\/ul>\n\n  <p>\n    Ces \u00e9changes ont permis d\u2019harmoniser les connaissances, de renforcer la compr\u00e9hension du processus \n    de r\u00e9forme et de consolider l\u2019engagement des membres du r\u00e9seau.\n  <\/p>\n\n  <!-- Illustration des travaux de groupe -->\n  <div class=\"image-slot\">\n  <img decoding=\"async\" src=\"https:\/\/oft-tchad.com\/wp-content\/uploads\/2026\/03\/Travaux-des-groupes.jpeg\" alt=\"travaux des groupes\" style=\"width:100%; height:auto;\">\n<\/div>\n\n\n  <h2>R\u00e9sultats attendus confirm\u00e9s<\/h2>\n  <ul>\n    <li>meilleure compr\u00e9hension des appuis institutionnels ;<\/li>\n    <li>appropriation claire de la Feuille de route ;<\/li>\n    <li>clarification du r\u00f4le strat\u00e9gique du R\u00e9seau des Champions ;<\/li>\n    <li>identification collective des d\u00e9fis et opportunit\u00e9s ;<\/li>\n    <li>\u00e9laboration de recommandations et mini\u2011plans d\u2019action provinciaux.<\/li>\n  <\/ul>\n\n  <h2>Participation<\/h2>\n  <p>\n    L\u2019atelier a r\u00e9uni <strong>20 participants<\/strong>, dont :\n  <\/p>\n  <ul>\n    <li>autorit\u00e9s coutumi\u00e8res ;<\/li>\n    <li>repr\u00e9sentants des faiti\u00e8res nationales ;<\/li>\n    <li>d\u00e9l\u00e9gu\u00e9s sectoriels du MATUH ;<\/li>\n    <li>juristes (avocats, notaires, huissiers) ;<\/li>\n    <li>universitaires et antennes OFT ;<\/li>\n    <li>Task Force du projet.<\/li>\n  <\/ul>\n\n  <!-- Illustration finale -->\n  <div class=\"image-slot\">\n  <img decoding=\"async\" src=\"https:\/\/oft-tchad.com\/wp-content\/uploads\/2026\/03\/Participation.jpg\" alt=\"Mission \u00e0 Massakory\" style=\"width:100%; height:auto;\">\n<\/div>\n<div class=\"image-slot\">\n  <img decoding=\"async\" src=\"https:\/\/oft-tchad.com\/wp-content\/uploads\/2026\/03\/WhatsApp-Image-2026-02-26-at-12.46.05.jpg\" alt=\"Mission \u00e0 Moundou\" style=\"width:100%; height:auto;\">\n<\/div>\n\n  <h2>Une \u00e9tape cl\u00e9 pour la r\u00e9forme fonci\u00e8re inclusive<\/h2>\n  <p>\n    Cette mission constitue une avanc\u00e9e majeure dans l\u2019op\u00e9rationnalisation du R\u00e9seau des Champions du foncier. \n    Elle renforce la mobilisation des acteurs locaux et contribue \u00e0 poser les bases d\u2019une \n    <strong>r\u00e9forme fonci\u00e8re participative, inclusive et durable<\/strong>, au service des communaut\u00e9s \n    et de la stabilit\u00e9 territoriale.\n  <\/p>\n\n<\/article>\n\n\n\n<p><\/p>\n\n\n\n<p><strong>Our Mission<\/strong><\/p>\n\n\n\n<p><\/p>\n","protected":false},"excerpt":{"rendered":"<p>______________________________________________________________________ ATELIER Atelier national de revision et finalisation du budget du Plan d\u2019Action de la PFNT N\u2019Djamena \u2022 14\u201318 avril 2026 Organisateur : FAO Lieu: MATUH Participants: Comit\u00e9 multi-acteurs Objectif de l\u2019atelier Harmoniser et finaliser le budget du Plan d\u2019Action Prioritaire de la Politique Fonci\u00e8re Nationale (PFNT) afin d\u2019assurer une mise en \u0153uvre coh\u00e9rente, r\u00e9aliste &#8230; <a title=\"Actualit\u00e9s\" class=\"read-more\" href=\"https:\/\/oft-tchad.com\/index.php\/sample-page\/\" aria-label=\"En savoir plus sur Actualit\u00e9s\">Lire la suite<\/a><\/p>\n","protected":false},"author":1,"featured_media":0,"parent":0,"menu_order":0,"comment_status":"closed","ping_status":"open","template":"","meta":{"footnotes":""},"class_list":["post-2","page","type-page","status-publish"],"_links":{"self":[{"href":"https:\/\/oft-tchad.com\/index.php\/wp-json\/wp\/v2\/pages\/2"}],"collection":[{"href":"https:\/\/oft-tchad.com\/index.php\/wp-json\/wp\/v2\/pages"}],"about":[{"href":"https:\/\/oft-tchad.com\/index.php\/wp-json\/wp\/v2\/types\/page"}],"author":[{"embeddable":true,"href":"https:\/\/oft-tchad.com\/index.php\/wp-json\/wp\/v2\/users\/1"}],"replies":[{"embeddable":true,"href":"https:\/\/oft-tchad.com\/index.php\/wp-json\/wp\/v2\/comments?post=2"}],"version-history":[{"count":93,"href":"https:\/\/oft-tchad.com\/index.php\/wp-json\/wp\/v2\/pages\/2\/revisions"}],"predecessor-version":[{"id":558,"href":"https:\/\/oft-tchad.com\/index.php\/wp-json\/wp\/v2\/pages\/2\/revisions\/558"}],"wp:attachment":[{"href":"https:\/\/oft-tchad.com\/index.php\/wp-json\/wp\/v2\/media?parent=2"}],"curies":[{"name":"wp","href":"https:\/\/api.w.org\/{rel}","templated":true}]}}