{"id":135,"date":"2025-04-14T12:54:47","date_gmt":"2025-04-14T11:54:47","guid":{"rendered":"https:\/\/oft-tchad.com\/?page_id=135"},"modified":"2026-05-06T11:33:51","modified_gmt":"2026-05-06T10:33:51","slug":"normes","status":"publish","type":"page","link":"https:\/\/oft-tchad.com\/index.php\/normes\/","title":{"rendered":"Normes"},"content":{"rendered":"\n<h2 class=\"wp-block-heading\">Normes de pr\u00e9sentation<\/h2>\n\n\n\n<ul class=\"wp-block-list\">\n<li>Format du fichier : <strong>Word (.docx)<\/strong> ou <strong>PDF<\/strong><\/li>\n\n\n\n<li>Police : <strong>Arrial Narrow<\/strong>, taille 11<\/li>\n\n\n\n<li>Interligne : <strong>simple<\/strong><\/li>\n\n\n\n<li>Citations et r\u00e9f\u00e9rences : <strong>(NORCAMES)<br>adopt\u00e9es par le CTS\/LSH, le 17 juillet 2016 \u00e0 Bamako, lors de la 38\u00e8me<br>session des CCI. Nous citons in extenso une partie du point 3 de ces<br>normes \u00e0 l\u2019attention de tous les auteurs.<\/strong><\/li>\n\n\n\n<li>Longueur recommand\u00e9e : <strong>5 000 \u00e0 8 000 mots<\/strong><\/li>\n\n\n\n<li>Tableaux et figures num\u00e9rot\u00e9s et l\u00e9gend\u00e9s<\/li>\n\n\n\n<li>R\u00e9f\u00e9rences compl\u00e8tes en fin d\u2019article<\/li>\n<\/ul>\n","protected":false},"excerpt":{"rendered":"<p>Normes de pr\u00e9sentation<\/p>\n","protected":false},"author":1,"featured_media":0,"parent":0,"menu_order":0,"comment_status":"closed","ping_status":"closed","template":"","meta":{"footnotes":""},"class_list":["post-135","page","type-page","status-publish"],"_links":{"self":[{"href":"https:\/\/oft-tchad.com\/index.php\/wp-json\/wp\/v2\/pages\/135"}],"collection":[{"href":"https:\/\/oft-tchad.com\/index.php\/wp-json\/wp\/v2\/pages"}],"about":[{"href":"https:\/\/oft-tchad.com\/index.php\/wp-json\/wp\/v2\/types\/page"}],"author":[{"embeddable":true,"href":"https:\/\/oft-tchad.com\/index.php\/wp-json\/wp\/v2\/users\/1"}],"replies":[{"embeddable":true,"href":"https:\/\/oft-tchad.com\/index.php\/wp-json\/wp\/v2\/comments?post=135"}],"version-history":[{"count":1,"href":"https:\/\/oft-tchad.com\/index.php\/wp-json\/wp\/v2\/pages\/135\/revisions"}],"predecessor-version":[{"id":573,"href":"https:\/\/oft-tchad.com\/index.php\/wp-json\/wp\/v2\/pages\/135\/revisions\/573"}],"wp:attachment":[{"href":"https:\/\/oft-tchad.com\/index.php\/wp-json\/wp\/v2\/media?parent=135"}],"curies":[{"name":"wp","href":"https:\/\/api.w.org\/{rel}","templated":true}]}}